{"id":27,"date":"2022-02-27T12:54:19","date_gmt":"2022-02-27T12:54:19","guid":{"rendered":"http:\/\/localhost:8888\/_paseo\/febrerostudio\/?page_id=27"},"modified":"2025-12-20T12:54:16","modified_gmt":"2025-12-20T12:54:16","slug":"estudio","status":"publish","type":"page","link":"https:\/\/febrerostudio.trismegistus.eu\/en\/estudio\/","title":{"rendered":"Studio"},"content":{"rendered":"<p>We are a studio founded by architects Mercedes Gonz\u00e1lez Ballesteros and Jes\u00fas D\u00edaz Osuna in 2016 based in Madrid and Marbella, whose main activity is architecture, interior design and branded environments.<\/p>\n<p>Our efforts are focused on creating warm and personal yet functional spaces to help companies and individuals reinvent themselves through Architecture and Design. We are mainly focused on the development of homes, offices, hotels, restaurants and private clinics.<\/p>\n<p>Team:<\/p>\n<div>\n<p>Roc\u00edo S\u00e1nchez <span class=\"apple-converted-space\">\u00a0<\/span><i>- Architect<\/i><br \/>\nAndr\u00e9ia Lee<span class=\"apple-converted-space\">\u00a0<\/span><i>- Architect<\/i><br \/>\nCarlos Moles Romero<span class=\"apple-converted-space\">\u00a0<\/span><i>-Architect<\/i><br \/>\nElena de la Torre Macho<span class=\"apple-converted-space\">\u00a0<\/span><i>- Architect<br \/>\n<\/i>Maria Bertr\u00e1n de Lis S\u00e1nchez\u00a0<i>- Architect<br \/>\n<\/i>Paula Mart\u00edn<i>- Architect<br \/>\n<\/i>Agust\u00edn Bustamante <i>-Architect<br \/>\n<\/i>Marta Torn\u00e9 <i>- Architect <\/i><\/p>\n<p>Previo:<\/p>\n<p>Myriam Dominguez Mateo<span class=\"apple-converted-space\">\u00a0<\/span><br \/>\n<span class=\"apple-converted-space\">Cristina Fern\u00e1ndez Morales<\/span><br \/>\n<span class=\"apple-converted-space\">Carlota Blazquez Asensio<\/span><i><br \/>\n<\/i>Blanca Alarc\u00f3n Oyarzabal<\/p>\n<p>&nbsp;<\/p>\n<\/div>\n<p>&nbsp;<\/p>","protected":false},"excerpt":{"rendered":"<p>Somos un estudio fundado por los arquitectos Mercedes Gonz\u00e1lez Ballesteros y Jes\u00fas D\u00edaz Osuna en 2016 con base en Madrid y Marbella, cuya actividad principal es la arquitectura, el dise\u00f1o de interiores y el branding aplicado. Nuestros esfuerzos se centran en crear espacios c\u00e1lidos y personales a la vez que funcionales, para ayudar a empresas [&hellip;]<\/p>\n","protected":false},"author":1,"featured_media":0,"parent":0,"menu_order":0,"comment_status":"closed","ping_status":"closed","template":"","meta":{"_acf_changed":false,"inline_featured_image":false,"footnotes":""},"class_list":["post-27","page","type-page","status-publish","hentry"],"acf":[],"yoast_head":"<!-- This site is optimized with the Yoast SEO plugin v27.2 - https:\/\/yoast.com\/product\/yoast-seo-wordpress\/ -->\n<title>Estudio - Febrero Studio<\/title>\n<meta name=\"description\" content=\"Febrero Studio es un estudio de arquitectura y dise\u00f1o de interiores fundado por Mercedes Gonzalez Ballesteros y Jes\u00fas D\u00edaz Osuna en Madrid.\" \/>\n<meta name=\"robots\" content=\"index, follow, max-snippet:-1, max-image-preview:large, max-video-preview:-1\" \/>\n<link rel=\"canonical\" href=\"https:\/\/febrerostudio.trismegistus.eu\/en\/estudio\/\" \/>\n<meta property=\"og:locale\" content=\"en_US\" \/>\n<meta property=\"og:type\" content=\"article\" \/>\n<meta property=\"og:title\" content=\"Estudio - Febrero Studio\" \/>\n<meta property=\"og:description\" content=\"Febrero Studio es un estudio de arquitectura y dise\u00f1o de interiores fundado por Mercedes Gonzalez Ballesteros y Jes\u00fas D\u00edaz Osuna en Madrid.\" \/>\n<meta property=\"og:url\" content=\"https:\/\/febrerostudio.trismegistus.eu\/en\/estudio\/\" \/>\n<meta property=\"og:site_name\" content=\"Febrero Studio\" \/>\n<meta property=\"article:modified_time\" content=\"2025-12-20T12:54:16+00:00\" \/>\n<meta name=\"twitter:card\" content=\"summary_large_image\" \/>\n<meta name=\"twitter:label1\" content=\"Est. reading time\" \/>\n\t<meta name=\"twitter:data1\" content=\"1 minute\" \/>\n<script type=\"application\/ld+json\" class=\"yoast-schema-graph\">{\"@context\":\"https:\/\/schema.org\",\"@graph\":[{\"@type\":\"WebPage\",\"@id\":\"https:\/\/febrerostudio.trismegistus.eu\/estudio\/\",\"url\":\"https:\/\/febrerostudio.trismegistus.eu\/estudio\/\",\"name\":\"Estudio - Febrero Studio\",\"isPartOf\":{\"@id\":\"https:\/\/febrerostudio.trismegistus.eu\/#website\"},\"datePublished\":\"2022-02-27T12:54:19+00:00\",\"dateModified\":\"2025-12-20T12:54:16+00:00\",\"description\":\"Febrero Studio es un estudio de arquitectura y dise\u00f1o de interiores fundado por Mercedes Gonzalez Ballesteros y Jes\u00fas D\u00edaz Osuna en Madrid.\",\"breadcrumb\":{\"@id\":\"https:\/\/febrerostudio.trismegistus.eu\/estudio\/#breadcrumb\"},\"inLanguage\":\"en-US\",\"potentialAction\":[{\"@type\":\"ReadAction\",\"target\":[\"https:\/\/febrerostudio.trismegistus.eu\/estudio\/\"]}]},{\"@type\":\"BreadcrumbList\",\"@id\":\"https:\/\/febrerostudio.trismegistus.eu\/estudio\/#breadcrumb\",\"itemListElement\":[{\"@type\":\"ListItem\",\"position\":1,\"name\":\"Portada\",\"item\":\"https:\/\/febrerostudio.trismegistus.eu\/\"},{\"@type\":\"ListItem\",\"position\":2,\"name\":\"Estudio\"}]},{\"@type\":\"WebSite\",\"@id\":\"https:\/\/febrerostudio.trismegistus.eu\/#website\",\"url\":\"https:\/\/febrerostudio.trismegistus.eu\/\",\"name\":\"Febrero Studio\",\"description\":\"Estudio de arquitectura\",\"potentialAction\":[{\"@type\":\"SearchAction\",\"target\":{\"@type\":\"EntryPoint\",\"urlTemplate\":\"https:\/\/febrerostudio.trismegistus.eu\/?s={search_term_string}\"},\"query-input\":{\"@type\":\"PropertyValueSpecification\",\"valueRequired\":true,\"valueName\":\"search_term_string\"}}],\"inLanguage\":\"en-US\"}]}<\/script>\n<!-- \/ Yoast SEO plugin. -->","yoast_head_json":{"title":"Estudio - Febrero Studio","description":"Febrero Studio es un estudio de arquitectura y dise\u00f1o de interiores fundado por Mercedes Gonzalez Ballesteros y Jes\u00fas D\u00edaz Osuna en Madrid.","robots":{"index":"index","follow":"follow","max-snippet":"max-snippet:-1","max-image-preview":"max-image-preview:large","max-video-preview":"max-video-preview:-1"},"canonical":"https:\/\/febrerostudio.trismegistus.eu\/en\/estudio\/","og_locale":"en_US","og_type":"article","og_title":"Estudio - Febrero Studio","og_description":"Febrero Studio es un estudio de arquitectura y dise\u00f1o de interiores fundado por Mercedes Gonzalez Ballesteros y Jes\u00fas D\u00edaz Osuna en Madrid.","og_url":"https:\/\/febrerostudio.trismegistus.eu\/en\/estudio\/","og_site_name":"Febrero Studio","article_modified_time":"2025-12-20T12:54:16+00:00","twitter_card":"summary_large_image","twitter_misc":{"Est. reading time":"1 minute"},"schema":{"@context":"https:\/\/schema.org","@graph":[{"@type":"WebPage","@id":"https:\/\/febrerostudio.trismegistus.eu\/estudio\/","url":"https:\/\/febrerostudio.trismegistus.eu\/estudio\/","name":"Estudio - Febrero Studio","isPartOf":{"@id":"https:\/\/febrerostudio.trismegistus.eu\/#website"},"datePublished":"2022-02-27T12:54:19+00:00","dateModified":"2025-12-20T12:54:16+00:00","description":"Febrero Studio es un estudio de arquitectura y dise\u00f1o de interiores fundado por Mercedes Gonzalez Ballesteros y Jes\u00fas D\u00edaz Osuna en Madrid.","breadcrumb":{"@id":"https:\/\/febrerostudio.trismegistus.eu\/estudio\/#breadcrumb"},"inLanguage":"en-US","potentialAction":[{"@type":"ReadAction","target":["https:\/\/febrerostudio.trismegistus.eu\/estudio\/"]}]},{"@type":"BreadcrumbList","@id":"https:\/\/febrerostudio.trismegistus.eu\/estudio\/#breadcrumb","itemListElement":[{"@type":"ListItem","position":1,"name":"Portada","item":"https:\/\/febrerostudio.trismegistus.eu\/"},{"@type":"ListItem","position":2,"name":"Estudio"}]},{"@type":"WebSite","@id":"https:\/\/febrerostudio.trismegistus.eu\/#website","url":"https:\/\/febrerostudio.trismegistus.eu\/","name":"Febrero Studio","description":"Estudio de arquitectura","potentialAction":[{"@type":"SearchAction","target":{"@type":"EntryPoint","urlTemplate":"https:\/\/febrerostudio.trismegistus.eu\/?s={search_term_string}"},"query-input":{"@type":"PropertyValueSpecification","valueRequired":true,"valueName":"search_term_string"}}],"inLanguage":"en-US"}]}},"_links":{"self":[{"href":"https:\/\/febrerostudio.trismegistus.eu\/en\/wp-json\/wp\/v2\/pages\/27","targetHints":{"allow":["GET"]}}],"collection":[{"href":"https:\/\/febrerostudio.trismegistus.eu\/en\/wp-json\/wp\/v2\/pages"}],"about":[{"href":"https:\/\/febrerostudio.trismegistus.eu\/en\/wp-json\/wp\/v2\/types\/page"}],"author":[{"embeddable":true,"href":"https:\/\/febrerostudio.trismegistus.eu\/en\/wp-json\/wp\/v2\/users\/1"}],"replies":[{"embeddable":true,"href":"https:\/\/febrerostudio.trismegistus.eu\/en\/wp-json\/wp\/v2\/comments?post=27"}],"version-history":[{"count":47,"href":"https:\/\/febrerostudio.trismegistus.eu\/en\/wp-json\/wp\/v2\/pages\/27\/revisions"}],"predecessor-version":[{"id":1359,"href":"https:\/\/febrerostudio.trismegistus.eu\/en\/wp-json\/wp\/v2\/pages\/27\/revisions\/1359"}],"wp:attachment":[{"href":"https:\/\/febrerostudio.trismegistus.eu\/en\/wp-json\/wp\/v2\/media?parent=27"}],"curies":[{"name":"wp","href":"https:\/\/api.w.org\/{rel}","templated":true}]}}